{"id":50170,"date":"2026-01-26T11:59:18","date_gmt":"2026-01-26T11:59:18","guid":{"rendered":"https:\/\/graciasport.ee\/?post_type=product&#038;p=50170"},"modified":"2026-01-26T12:01:08","modified_gmt":"2026-01-26T12:01:08","slug":"voimlemiskombinesoon-treeninguteks","status":"publish","type":"product","link":"https:\/\/graciasport.ee\/ru\/product\/voimlemiskombinesoon-treeninguteks\/","title":{"rendered":"V\u00f5imlemiskombinesoon treeninguteks SOLO"},"content":{"rendered":"","protected":false},"excerpt":{"rendered":"<p>Veniv ja mugav balletikombinesoon, valmistatud kvaliteetsest stretch-kangast (l\u00fckra \/ elastaan). Materjal on neljasuunaliselt veniv, pehme vastu nahka ja h\u00e4sti hingav, tagades t\u00e4ieliku liikumisvabaduse. Sobib ideaalselt balleti-, tantsu- ja v\u00f5imlemistreeninguteks. Kombinesoon hoiab h\u00e4sti vormi, ei piira liikumist ning p\u00fcsib ka intensiivse treeningu ajal mugavalt paigal.<\/p>\n<p>Koostis: pol\u00fcamiid \/ elastaan Omadused: elastne, kerge, kiiresti kuivav<\/p>\n<p>Kasutus: ballett, tants, v\u00f5imlemine, treeningud<\/p>\n<p>S.42<\/p>\n","protected":false},"featured_media":50171,"comment_status":"open","ping_status":"closed","template":"","meta":{"_et_pb_use_builder":"","_et_pb_old_content":"","_et_gb_content_width":""},"product_brand":[],"product_cat":[47,24,84,62],"product_tag":[],"class_list":{"0":"post-50170","1":"product","2":"type-product","3":"status-publish","4":"has-post-thumbnail","6":"product_cat-retuusid","7":"product_cat-riietus","8":"product_cat-solo","9":"product_cat-soojendamiseks","11":"first","12":"instock","13":"downloadable","14":"taxable","15":"shipping-taxable","16":"purchasable","17":"product-type-simple"},"_links":{"self":[{"href":"https:\/\/graciasport.ee\/ru\/wp-json\/wp\/v2\/product\/50170","targetHints":{"allow":["GET"]}}],"collection":[{"href":"https:\/\/graciasport.ee\/ru\/wp-json\/wp\/v2\/product"}],"about":[{"href":"https:\/\/graciasport.ee\/ru\/wp-json\/wp\/v2\/types\/product"}],"replies":[{"embeddable":true,"href":"https:\/\/graciasport.ee\/ru\/wp-json\/wp\/v2\/comments?post=50170"}],"wp:featuredmedia":[{"embeddable":true,"href":"https:\/\/graciasport.ee\/ru\/wp-json\/wp\/v2\/media\/50171"}],"wp:attachment":[{"href":"https:\/\/graciasport.ee\/ru\/wp-json\/wp\/v2\/media?parent=50170"}],"wp:term":[{"taxonomy":"product_brand","embeddable":true,"href":"https:\/\/graciasport.ee\/ru\/wp-json\/wp\/v2\/product_brand?post=50170"},{"taxonomy":"product_cat","embeddable":true,"href":"https:\/\/graciasport.ee\/ru\/wp-json\/wp\/v2\/product_cat?post=50170"},{"taxonomy":"product_tag","embeddable":true,"href":"https:\/\/graciasport.ee\/ru\/wp-json\/wp\/v2\/product_tag?post=50170"}],"curies":[{"name":"wp","href":"https:\/\/api.w.org\/{rel}","templated":true}]}}