{"id":48226,"date":"2024-05-10T19:11:10","date_gmt":"2024-05-10T19:11:10","guid":{"rendered":"https:\/\/graciasport.ee\/product\/%d0%bf%d0%be%d0%bb%d1%83%d1%87%d0%b5%d1%88%d0%ba%d0%b8-solo-2\/"},"modified":"2025-08-06T19:12:00","modified_gmt":"2025-08-06T19:12:00","slug":"%d0%bf%d0%be%d0%bb%d1%83%d1%87%d0%b5%d1%88%d0%ba%d0%b8-solo-2","status":"publish","type":"product","link":"https:\/\/graciasport.ee\/ru\/product\/%d0%bf%d0%be%d0%bb%d1%83%d1%87%d0%b5%d1%88%d0%ba%d0%b8-solo-2\/","title":{"rendered":"\u041f\u043e\u043b\u0443\u0447\u0435\u0448\u043a\u0438 Solo"},"content":{"rendered":"<p>[et_pb_section fb_built=&#187;1&#8243; _builder_version=&#187;4.16&#8243; custom_padding=&#187;0px||||false|false&#187; global_colors_info=&#187;{}&#187;][et_pb_row _builder_version=&#187;4.16&#8243; background_size=&#187;initial&#187; background_position=&#187;top_left&#187; background_repeat=&#187;repeat&#187; width=&#187;100%&#187; custom_padding=&#187;0px||0px||false|false&#187; global_colors_info=&#187;{}&#187;][et_pb_column type=&#187;4_4&#8243; _builder_version=&#187;4.16&#8243; custom_padding=&#187;|||&#187; global_colors_info=&#187;{}&#187; custom_padding__hover=&#187;|||&#187;][et_pb_wc_breadcrumb _builder_version=&#187;4.16&#8243; global_colors_info=&#187;{}&#187;][\/et_pb_wc_breadcrumb][et_pb_wc_cart_notice _builder_version=&#187;4.16&#8243; global_colors_info=&#187;{}&#187;][\/et_pb_wc_cart_notice][\/et_pb_column][\/et_pb_row][et_pb_row column_structure=&#187;1_2,1_2&#8243; _builder_version=&#187;4.16&#8243; background_size=&#187;initial&#187; background_position=&#187;top_left&#187; background_repeat=&#187;repeat&#187; width=&#187;100%&#187; custom_padding=&#187;0px||||false|false&#187; global_colors_info=&#187;{}&#187;][et_pb_column type=&#187;1_2&#8243; _builder_version=&#187;4.16&#8243; custom_padding=&#187;|||&#187; global_colors_info=&#187;{}&#187; custom_padding__hover=&#187;|||&#187;][et_pb_wc_images _builder_version=&#187;4.16&#8243; global_colors_info=&#187;{}&#187;][\/et_pb_wc_images][\/et_pb_column][et_pb_column type=&#187;1_2&#8243; _builder_version=&#187;4.16&#8243; custom_padding=&#187;|||&#187; global_colors_info=&#187;{}&#187; custom_padding__hover=&#187;|||&#187;][et_pb_wc_title _builder_version=&#187;4.16&#8243; global_colors_info=&#187;{}&#187;][\/et_pb_wc_title][et_pb_wc_rating _builder_version=&#187;4.16&#8243; global_colors_info=&#187;{}&#187;][\/et_pb_wc_rating][et_pb_wc_price _builder_version=&#187;4.16&#8243; global_colors_info=&#187;{}&#187;][\/et_pb_wc_price][et_pb_wc_description _builder_version=&#187;4.16&#8243; global_colors_info=&#187;{}&#187;][\/et_pb_wc_description][et_pb_wc_add_to_cart _builder_version=&#187;4.16&#8243; global_colors_info=&#187;{}&#187;][\/et_pb_wc_add_to_cart][et_pb_wc_meta _builder_version=&#187;4.16&#8243; global_colors_info=&#187;{}&#187;][\/et_pb_wc_meta][\/et_pb_column][\/et_pb_row][et_pb_row _builder_version=&#187;4.16&#8243; background_size=&#187;initial&#187; background_position=&#187;top_left&#187; background_repeat=&#187;repeat&#187; width=&#187;100%&#187; global_colors_info=&#187;{}&#187;][et_pb_column type=&#187;4_4&#8243; _builder_version=&#187;4.16&#8243; custom_padding=&#187;|||&#187; global_colors_info=&#187;{}&#187; custom_padding__hover=&#187;|||&#187;][et_pb_wc_tabs _builder_version=&#187;4.16&#8243; global_colors_info=&#187;{}&#187;]\t\t\t\t\t[\/et_pb_wc_tabs][et_pb_wc_upsells _builder_version=&#187;4.16&#8243; global_colors_info=&#187;{}&#187;][\/et_pb_wc_upsells][et_pb_wc_related_products _builder_version=&#187;4.16&#8243; global_colors_info=&#187;{}&#187;][\/et_pb_wc_related_products][\/et_pb_column][\/et_pb_row][\/et_pb_section]<\/p>\n","protected":false},"excerpt":{"rendered":"<p>\u041c\u0430\u0442\u0435\u0440\u0438\u0430\u043b: 95 % \u043f\u043e\u043b\u0438\u044d\u0441\u0442\u0435\u0440, 5 % \u044d\u043b\u0430\u0441\u0442\u0430\u043d. <br \/>\u0426\u0432\u0435\u0442: \u0442\u0435\u043b\u0435\u0441\u043d\u044b\u0439. <br \/>\u0420\u0430\u0437\u043c\u0435\u0440\u044b: S (34,5\u201335), M (36\u201337).<\/p>\n","protected":false},"featured_media":46065,"comment_status":"open","ping_status":"closed","template":"","meta":{"_et_pb_use_builder":"on","_et_pb_old_content":"Mugavad universaalsed Solo poolsussid elastsest kunstlikust seemisnahast iluv\u00f5imlemise ja koreograafia jaoks. Poolsussid on valmistatud kulumiskindlast pol\u00fcestrist, mis tagab vaipkattega kindla haarde. Kummipaelal olev silikoonriba tagab jalale usaldusv\u00e4\u00e4rse fikseerimise. Poolsokkide kuju r\u00f5hutab jala ilu. Poolsokkid on oma elastsuse t\u00f5ttu v\u00e4ga mugavad ja sobivad igale jalakujule.","_et_gb_content_width":""},"product_brand":[],"product_cat":[565,564,647,650],"product_tag":[],"class_list":{"0":"post-48226","1":"product","2":"type-product","3":"status-publish","4":"has-post-thumbnail","6":"product_cat-solo-ru","7":"product_cat-564","8":"product_cat-647","9":"product_cat--ru","11":"first","12":"instock","13":"taxable","14":"shipping-taxable","15":"purchasable","16":"product-type-variable"},"_links":{"self":[{"href":"https:\/\/graciasport.ee\/ru\/wp-json\/wp\/v2\/product\/48226","targetHints":{"allow":["GET"]}}],"collection":[{"href":"https:\/\/graciasport.ee\/ru\/wp-json\/wp\/v2\/product"}],"about":[{"href":"https:\/\/graciasport.ee\/ru\/wp-json\/wp\/v2\/types\/product"}],"replies":[{"embeddable":true,"href":"https:\/\/graciasport.ee\/ru\/wp-json\/wp\/v2\/comments?post=48226"}],"wp:featuredmedia":[{"embeddable":true,"href":"https:\/\/graciasport.ee\/ru\/wp-json\/wp\/v2\/media\/46065"}],"wp:attachment":[{"href":"https:\/\/graciasport.ee\/ru\/wp-json\/wp\/v2\/media?parent=48226"}],"wp:term":[{"taxonomy":"product_brand","embeddable":true,"href":"https:\/\/graciasport.ee\/ru\/wp-json\/wp\/v2\/product_brand?post=48226"},{"taxonomy":"product_cat","embeddable":true,"href":"https:\/\/graciasport.ee\/ru\/wp-json\/wp\/v2\/product_cat?post=48226"},{"taxonomy":"product_tag","embeddable":true,"href":"https:\/\/graciasport.ee\/ru\/wp-json\/wp\/v2\/product_tag?post=48226"}],"curies":[{"name":"wp","href":"https:\/\/api.w.org\/{rel}","templated":true}]}}