{"id":47636,"date":"2024-05-10T14:58:30","date_gmt":"2024-05-10T14:58:30","guid":{"rendered":"https:\/\/graciasport.ee\/product\/ribbon-sasaki-4m\/"},"modified":"2024-12-01T00:31:45","modified_gmt":"2024-12-01T00:31:45","slug":"ribbon-sasaki-4m","status":"publish","type":"product","link":"https:\/\/graciasport.ee\/en\/product\/ribbon-sasaki-4m\/","title":{"rendered":"Ribbon Sasaki 4m"},"content":{"rendered":"<p>**Ribbon Sasaki\u00c2 MJ-714\u00c2 LD\u00c2 for professional rhythmic gymnastics<\/p>\n","protected":false},"excerpt":{"rendered":"<p>Material: viscose <br \/>Color: purple\/pink\/turquoise blue\/red\/light blue\/blue\/white\/yellow <br \/>Length: 4\u043c<\/p>\n","protected":false},"featured_media":46028,"comment_status":"open","ping_status":"closed","template":"","meta":{"_et_pb_use_builder":"","_et_pb_old_content":"","_et_gb_content_width":""},"product_brand":[],"product_cat":[395,478,486,422],"product_tag":[],"class_list":{"0":"post-47636","1":"product","2":"type-product","3":"status-publish","4":"has-post-thumbnail","6":"product_cat-brands","7":"product_cat-equipment","8":"product_cat-ribbon","9":"product_cat-sasaki-en","11":"first","12":"instock","13":"taxable","14":"shipping-taxable","15":"purchasable","16":"product-type-variable"},"_links":{"self":[{"href":"https:\/\/graciasport.ee\/en\/wp-json\/wp\/v2\/product\/47636","targetHints":{"allow":["GET"]}}],"collection":[{"href":"https:\/\/graciasport.ee\/en\/wp-json\/wp\/v2\/product"}],"about":[{"href":"https:\/\/graciasport.ee\/en\/wp-json\/wp\/v2\/types\/product"}],"replies":[{"embeddable":true,"href":"https:\/\/graciasport.ee\/en\/wp-json\/wp\/v2\/comments?post=47636"}],"wp:featuredmedia":[{"embeddable":true,"href":"https:\/\/graciasport.ee\/en\/wp-json\/wp\/v2\/media\/46028"}],"wp:attachment":[{"href":"https:\/\/graciasport.ee\/en\/wp-json\/wp\/v2\/media?parent=47636"}],"wp:term":[{"taxonomy":"product_brand","embeddable":true,"href":"https:\/\/graciasport.ee\/en\/wp-json\/wp\/v2\/product_brand?post=47636"},{"taxonomy":"product_cat","embeddable":true,"href":"https:\/\/graciasport.ee\/en\/wp-json\/wp\/v2\/product_cat?post=47636"},{"taxonomy":"product_tag","embeddable":true,"href":"https:\/\/graciasport.ee\/en\/wp-json\/wp\/v2\/product_tag?post=47636"}],"curies":[{"name":"wp","href":"https:\/\/api.w.org\/{rel}","templated":true}]}}